{"id":25518,"date":"2023-09-28T22:26:27","date_gmt":"2023-09-28T20:26:27","guid":{"rendered":"https:\/\/www.martiresdecananea.com\/?page_id=25518"},"modified":"2023-09-29T18:16:13","modified_gmt":"2023-09-29T16:16:13","slug":"martires-de-cananea","status":"publish","type":"page","link":"https:\/\/www.martiresdecananea.com\/","title":{"rendered":"Inicio"},"content":{"rendered":"<p>[et_pb_section fb_built=\u00bb1&#8243; disabled_on=\u00bboff|off|on\u00bb admin_label=\u00bbHeader\u00bb _builder_version=\u00bb4.22.1&#8243; _module_preset=\u00bbdefault\u00bb background_color=\u00bb#E09900&#8243; background_enable_image=\u00bboff\u00bb background_size=\u00bbcustom\u00bb background_image_width=\u00bb53%\u00bb background_position=\u00bbtop_right\u00bb min_height=\u00bb170.4px\u00bb custom_padding=\u00bb6vw||0px||false|false\u00bb collapsed=\u00bbon\u00bb global_colors_info=\u00bb{}\u00bb][et_pb_row _builder_version=\u00bb4.22.1&#8243; _module_preset=\u00bbdefault\u00bb width=\u00bb89.7%\u00bb custom_padding=\u00bb||0px||false|false\u00bb animation_style=\u00bbfade\u00bb global_colors_info=\u00bb{}\u00bb][et_pb_column type=\u00bb4_4&#8243; _builder_version=\u00bb4.19.1&#8243; _module_preset=\u00bbdefault\u00bb global_colors_info=\u00bb{}\u00bb][et_pb_text _builder_version=\u00bb4.22.1&#8243; _module_preset=\u00bb95f6ac51-31b7-4b02-befd-b14fad61e098&#8243; header_text_align=\u00bbcenter\u00bb custom_margin=\u00bb||10px||false|false\u00bb global_colors_info=\u00bb{%22gcid-a9d8e14e-2f78-408a-a83c-506939196b52%22:%91%22header_text_color%22%93}\u00bb]<\/p>\n<h1><span style=\"color: #ffffff;\">\u00abTrabajadores unidos, derechos protegidos\u00bb<\/span><\/h1>\n<p>[\/et_pb_text][et_pb_text _builder_version=\u00bb4.21.0&#8243; _module_preset=\u00bbb6b97e16-e354-4434-a999-126ae9c2b2fa\u00bb text_text_color=\u00bbgcid-a9d8e14e-2f78-408a-a83c-506939196b52&#8243; global_colors_info=\u00bb{%22gcid-a9d8e14e-2f78-408a-a83c-506939196b52%22:%91%22text_text_color%22%93}\u00bb][\/et_pb_text][\/et_pb_column][\/et_pb_row][\/et_pb_section][et_pb_section fb_built=\u00bb1&#8243; disabled_on=\u00bbon|on|off\u00bb admin_label=\u00bbHeader\u00bb _builder_version=\u00bb4.22.1&#8243; _module_preset=\u00bbdefault\u00bb use_background_color_gradient=\u00bbon\u00bb background_color_gradient_direction=\u00bb172deg\u00bb background_color_gradient_stops=\u00bb#ffffff 10%|rgba(255,255,255,0) 96%\u00bb background_color_gradient_overlays_image=\u00bbon\u00bb background_image=\u00bbhttps:\/\/www.martiresdecananea.com\/wp-content\/uploads\/2023\/09\/obrero-casa-tienda-casco-naranja-1-scaled.jpg\u00bb background_size=\u00bbcustom\u00bb background_image_width=\u00bb53%\u00bb background_position=\u00bbtop_right\u00bb background_enable_mask_style=\u00bbon\u00bb background_mask_style=\u00bbcaret\u00bb background_mask_color=\u00bb#E09900&#8243; background_mask_size=\u00bbcover\u00bb custom_padding=\u00bb6vw||82px||false|false\u00bb collapsed=\u00bbon\u00bb global_colors_info=\u00bb{}\u00bb][et_pb_row column_structure=\u00bb2_3,1_3&#8243; _builder_version=\u00bb4.22.1&#8243; _module_preset=\u00bbdefault\u00bb width=\u00bb89.7%\u00bb custom_padding=\u00bb||0px||false|false\u00bb animation_style=\u00bbfade\u00bb global_colors_info=\u00bb{}\u00bb][et_pb_column type=\u00bb2_3&#8243; _builder_version=\u00bb4.19.1&#8243; _module_preset=\u00bbdefault\u00bb global_colors_info=\u00bb{}\u00bb][et_pb_text _builder_version=\u00bb4.21.0&#8243; _module_preset=\u00bb95f6ac51-31b7-4b02-befd-b14fad61e098&#8243; custom_margin=\u00bb||10px||false|false\u00bb global_colors_info=\u00bb{%22gcid-a9d8e14e-2f78-408a-a83c-506939196b52%22:%91%22header_text_color%22%93}\u00bb]<\/p>\n<h1><span style=\"color: #ffffff;\">\u00abTrabajadores unidos, derechos protegidos\u00bb<\/span><\/h1>\n<p>[\/et_pb_text][et_pb_text _builder_version=\u00bb4.21.0&#8243; _module_preset=\u00bbb6b97e16-e354-4434-a999-126ae9c2b2fa\u00bb text_text_color=\u00bbgcid-a9d8e14e-2f78-408a-a83c-506939196b52&#8243; global_colors_info=\u00bb{%22gcid-a9d8e14e-2f78-408a-a83c-506939196b52%22:%91%22text_text_color%22%93}\u00bb][\/et_pb_text][\/et_pb_column][et_pb_column type=\u00bb1_3&#8243; _builder_version=\u00bb4.19.1&#8243; _module_preset=\u00bbdefault\u00bb global_colors_info=\u00bb{}\u00bb][\/et_pb_column][\/et_pb_row][\/et_pb_section][et_pb_section fb_built=\u00bb1&#8243; _builder_version=\u00bb4.22.1&#8243; _module_preset=\u00bbdefault\u00bb global_colors_info=\u00bb{}\u00bb][et_pb_row _builder_version=\u00bb4.22.1&#8243; _module_preset=\u00bbdefault\u00bb background_image=\u00bbhttps:\/\/www.martiresdecananea.com\/wp-content\/uploads\/2023\/09\/obrero-casa-tienda-casco-naranja-1-scaled.jpg\u00bb global_colors_info=\u00bb{}\u00bb][et_pb_column type=\u00bb4_4&#8243; _builder_version=\u00bb4.22.1&#8243; _module_preset=\u00bbdefault\u00bb global_colors_info=\u00bb{}\u00bb][et_pb_testimonial author=\u00bbSindicato de Trabajadores Martires de Cananea\u00bb portrait_url=\u00bbhttps:\/\/www.martiresdecananea.com\/wp-content\/uploads\/2023\/09\/cropped-sindicato-de-trabajadores.png\u00bb _builder_version=\u00bb4.22.1&#8243; _module_preset=\u00bbdefault\u00bb global_colors_info=\u00bb{}\u00bb]<\/p>\n<h1 style=\"text-align: center;\"><span style=\"color: #000000;\"><strong>MISION<\/strong><\/span><\/h1>\n<p>&nbsp;<\/p>\n<p>Nuestra misi\u00f3n es honrar el legado de los valientes trabajadores que fundaron el sindicato \u00abM\u00e1rtires de Cananea\u00bb hace m\u00e1s de un siglo, defendiendo los derechos laborales y la dignidad de los trabajadores en M\u00e9xico. Nos comprometemos a seguir siendo un s\u00edmbolo de lucha y solidaridad obrera, trabajando incansablemente para:<\/p>\n<ol>\n<li>\n<p><strong>Mejorar las Condiciones Laborales:<\/strong> Buscamos continuamente mejorar las condiciones de trabajo de nuestros miembros y de todos los trabajadores en M\u00e9xico, promoviendo un entorno laboral seguro, justo y respetuoso.<\/p>\n<\/li>\n<li>\n<p><strong>Proteger los Derechos Laborales:<\/strong> Defendemos y protegemos los derechos laborales de nuestros afiliados, luchando contra la explotaci\u00f3n laboral, la discriminaci\u00f3n y cualquier forma de injusticia en el lugar de trabajo.<\/p>\n<\/li>\n<li>\n<p><strong>Promover la Solidaridad Obrera:<\/strong> Fomentamos la unidad y la solidaridad entre los trabajadores, reconociendo que juntos somos m\u00e1s fuertes y capaces de lograr un cambio significativo.<\/p>\n<\/li>\n<li>\n<p><strong>Educaci\u00f3n y Formaci\u00f3n:<\/strong> Proporcionamos a nuestros miembros la capacitaci\u00f3n y la informaci\u00f3n necesarias para empoderarlos en sus negociaciones laborales y para promover el crecimiento personal y profesional.<\/p>\n<\/li>\n<li>\n<p><strong>Preservar la Memoria Hist\u00f3rica:<\/strong> Mantenemos viva la memoria de los m\u00e1rtires de Cananea y de todos aquellos que han luchado por los derechos de los trabajadores en M\u00e9xico. Valoramos nuestra historia como una fuente de inspiraci\u00f3n y un recordatorio constante de la importancia de la lucha obrera.<\/p>\n<\/li>\n<li>\n<p><strong>Contribuir al Progreso Social:<\/strong> Trabajamos en colaboraci\u00f3n con otros sindicatos, organizaciones y comunidades para promover el progreso social, la justicia y la equidad en la sociedad mexicana.<\/p>\n<\/li>\n<\/ol>\n<p>[\/et_pb_testimonial][\/et_pb_column][\/et_pb_row][\/et_pb_section][et_pb_section fb_built=\u00bb1&#8243; admin_label=\u00bbCourses\u00bb _builder_version=\u00bb4.19.1&#8243; _module_preset=\u00bbdefault\u00bb custom_padding=\u00bb0px|||||\u00bb saved_tabs=\u00bball\u00bb collapsed=\u00bbon\u00bb global_colors_info=\u00bb{}\u00bb][et_pb_row _builder_version=\u00bb4.19.1&#8243; _module_preset=\u00bbdefault\u00bb max_width=\u00bb700px\u00bb global_colors_info=\u00bb{}\u00bb][et_pb_column type=\u00bb4_4&#8243; _builder_version=\u00bb4.19.1&#8243; _module_preset=\u00bbdefault\u00bb global_colors_info=\u00bb{}\u00bb][et_pb_text _builder_version=\u00bb4.21.0&#8243; _module_preset=\u00bbc54b843f-cd41-40c6-9694-b03f8e892d27&#8243; text_orientation=\u00bbcenter\u00bb global_colors_info=\u00bb{}\u00bb]<\/p>\n<h2>Servicios<\/h2>\n<p>[\/et_pb_text][\/et_pb_column][\/et_pb_row][et_pb_row column_structure=\u00bb1_3,1_3,1_3&#8243; _builder_version=\u00bb4.21.0&#8243; _module_preset=\u00bbdefault\u00bb global_colors_info=\u00bb{}\u00bb][et_pb_column type=\u00bb1_3&#8243; _builder_version=\u00bb4.21.0&#8243; _module_preset=\u00bbdefault\u00bb custom_padding=\u00bb|20px|20px|20px|false|true\u00bb border_radii=\u00bbon|30px|30px|30px|30px\u00bb border_width_all=\u00bb1px\u00bb border_color_all=\u00bbrgba(0,0,0,0.12)\u00bb global_colors_info=\u00bb{}\u00bb][et_pb_image src=\u00bbhttps:\/\/www.martiresdecananea.com\/wp-content\/uploads\/2023\/09\/arts.jpg\u00bb title_text=\u00bbarts\u00bb force_fullwidth=\u00bbon\u00bb _builder_version=\u00bb4.22.1&#8243; _module_preset=\u00bbdefault\u00bb height=\u00bb198px\u00bb custom_margin=\u00bb|-20px||-20px|false|true\u00bb global_colors_info=\u00bb{}\u00bb][\/et_pb_image][et_pb_text _builder_version=\u00bb4.22.1&#8243; _module_preset=\u00bbb4e2c478-1a7d-47ba-8f95-d6b9e4a52e47&#8243; custom_margin=\u00bb||0px||false|false\u00bb global_colors_info=\u00bb{}\u00bb]<\/p>\n<h4><span>Negociaci\u00f3n colectiva<\/span><\/h4>\n<p>[\/et_pb_text][et_pb_text _builder_version=\u00bb4.22.1&#8243; _module_preset=\u00bbd1073319-8693-4f4a-8d23-cb1c6b0c2500&#8243; global_colors_info=\u00bb{}\u00bb]<\/p>\n<p><span>Los sindicatos negocian acuerdos colectivos con los empleadores en nombre de sus miembros para mejorar las condiciones laborales, salarios, beneficios y otros aspectos del empleo.<\/span><\/p>\n<p>[\/et_pb_text][\/et_pb_column][et_pb_column type=\u00bb1_3&#8243; _builder_version=\u00bb4.21.0&#8243; _module_preset=\u00bbdefault\u00bb custom_padding=\u00bb|20px|20px|20px|false|true\u00bb border_radii=\u00bbon|30px|30px|30px|30px\u00bb border_width_all=\u00bb1px\u00bb border_color_all=\u00bbrgba(0,0,0,0.12)\u00bb global_colors_info=\u00bb{}\u00bb][et_pb_image src=\u00bbhttps:\/\/www.martiresdecananea.com\/wp-content\/uploads\/2023\/09\/online-university-4.jpg\u00bb title_text=\u00bbonline-university-4&#8243; _builder_version=\u00bb4.21.0&#8243; _module_preset=\u00bbdefault\u00bb custom_margin=\u00bb|-20px||-20px|false|true\u00bb global_colors_info=\u00bb{}\u00bb][\/et_pb_image][et_pb_text _builder_version=\u00bb4.22.1&#8243; _module_preset=\u00bbb4e2c478-1a7d-47ba-8f95-d6b9e4a52e47&#8243; header_2_font=\u00bb|600|||||||\u00bb header_4_font=\u00bb|600|||||||\u00bb custom_margin=\u00bb||0px||false|false\u00bb global_colors_info=\u00bb{}\u00bb]<\/p>\n<h4><span>Representaci\u00f3n legal<\/span><\/h4>\n<p>[\/et_pb_text][et_pb_text _builder_version=\u00bb4.21.0&#8243; _module_preset=\u00bbd1073319-8693-4f4a-8d23-cb1c6b0c2500&#8243; global_colors_info=\u00bb{}\u00bb]<\/p>\n<p><span>Los sindicatos proporcionan asesoramiento legal y representaci\u00f3n en casos de conflicto laboral, despidos injustificados, discriminaci\u00f3n en el trabajo y otros problemas relacionados con el empleo.<\/span><\/p>\n<p>[\/et_pb_text][\/et_pb_column][et_pb_column type=\u00bb1_3&#8243; _builder_version=\u00bb4.21.0&#8243; _module_preset=\u00bbdefault\u00bb custom_padding=\u00bb|20px|20px|20px|false|true\u00bb border_radii=\u00bbon|30px|30px|30px|30px\u00bb border_width_all=\u00bb1px\u00bb border_color_all=\u00bbrgba(0,0,0,0.12)\u00bb global_colors_info=\u00bb{}\u00bb][et_pb_image src=\u00bbhttps:\/\/www.martiresdecananea.com\/wp-content\/uploads\/2023\/09\/online-university-5.jpg\u00bb title_text=\u00bbonline-university-5&#8243; _builder_version=\u00bb4.21.0&#8243; _module_preset=\u00bbdefault\u00bb custom_margin=\u00bb|-20px||-20px|false|true\u00bb global_colors_info=\u00bb{}\u00bb][\/et_pb_image][et_pb_text _builder_version=\u00bb4.22.1&#8243; _module_preset=\u00bbb4e2c478-1a7d-47ba-8f95-d6b9e4a52e47&#8243; custom_margin=\u00bb||0px||false|false\u00bb global_colors_info=\u00bb{}\u00bb]<\/p>\n<h4><span>Defensa de los derechos laborales<\/span><\/h4>\n<p>[\/et_pb_text][et_pb_text _builder_version=\u00bb4.21.0&#8243; _module_preset=\u00bbd1073319-8693-4f4a-8d23-cb1c6b0c2500&#8243; global_colors_info=\u00bb{}\u00bb]<\/p>\n<p><span>Ayudan a los trabajadores a entender y ejercer sus derechos laborales, como el derecho a un ambiente de trabajo seguro, el derecho a la sindicalizaci\u00f3n y el derecho a la igualdad de trato.<\/span><\/p>\n<p>[\/et_pb_text][\/et_pb_column][\/et_pb_row][et_pb_row column_structure=\u00bb1_3,1_3,1_3&#8243; _builder_version=\u00bb4.21.0&#8243; _module_preset=\u00bbdefault\u00bb global_colors_info=\u00bb{}\u00bb][et_pb_column type=\u00bb1_3&#8243; _builder_version=\u00bb4.21.0&#8243; _module_preset=\u00bbdefault\u00bb custom_padding=\u00bb|20px|20px|20px|false|true\u00bb border_radii=\u00bbon|30px|30px|30px|30px\u00bb border_width_all=\u00bb1px\u00bb border_color_all=\u00bbrgba(0,0,0,0.12)\u00bb global_colors_info=\u00bb{}\u00bb][et_pb_image src=\u00bbhttps:\/\/www.martiresdecananea.com\/wp-content\/uploads\/2023\/09\/online-university-3.jpg\u00bb title_text=\u00bbonline-university-3&#8243; _builder_version=\u00bb4.21.0&#8243; _module_preset=\u00bbdefault\u00bb custom_margin=\u00bb|-20px||-20px|false|true\u00bb global_colors_info=\u00bb{}\u00bb][\/et_pb_image][et_pb_text _builder_version=\u00bb4.21.0&#8243; _module_preset=\u00bbb4e2c478-1a7d-47ba-8f95-d6b9e4a52e47&#8243; custom_margin=\u00bb||0px||false|false\u00bb global_colors_info=\u00bb{}\u00bb]<\/p>\n<h4><span>Formaci\u00f3n y capacitaci\u00f3n<\/span><\/h4>\n<p>[\/et_pb_text][et_pb_text _builder_version=\u00bb4.21.0&#8243; _module_preset=\u00bbd1073319-8693-4f4a-8d23-cb1c6b0c2500&#8243; global_colors_info=\u00bb{}\u00bb]<\/p>\n<p><span>Ofrecen programas de formaci\u00f3n y capacitaci\u00f3n para mejorar las habilidades de sus miembros y aumentar sus oportunidades de empleo.<\/span><\/p>\n<p>[\/et_pb_text][\/et_pb_column][et_pb_column type=\u00bb1_3&#8243; _builder_version=\u00bb4.21.0&#8243; _module_preset=\u00bbdefault\u00bb custom_padding=\u00bb|20px|20px|20px|false|true\u00bb border_radii=\u00bbon|30px|30px|30px|30px\u00bb border_width_all=\u00bb1px\u00bb border_color_all=\u00bbrgba(0,0,0,0.12)\u00bb global_colors_info=\u00bb{}\u00bb][et_pb_image src=\u00bbhttps:\/\/www.martiresdecananea.com\/wp-content\/uploads\/2023\/09\/technology.jpg\u00bb title_text=\u00bbtechnology\u00bb _builder_version=\u00bb4.22.1&#8243; _module_preset=\u00bbdefault\u00bb custom_margin=\u00bb|-20px||-20px|false|true\u00bb global_colors_info=\u00bb{}\u00bb][\/et_pb_image][et_pb_text _builder_version=\u00bb4.22.1&#8243; _module_preset=\u00bbb4e2c478-1a7d-47ba-8f95-d6b9e4a52e47&#8243; custom_margin=\u00bb||0px||false|false\u00bb global_colors_info=\u00bb{}\u00bb]<\/p>\n<h4><span>Asistencia legal y financiera<\/span><\/h4>\n<p>[\/et_pb_text][et_pb_text _builder_version=\u00bb4.21.0&#8243; _module_preset=\u00bbd1073319-8693-4f4a-8d23-cb1c6b0c2500&#8243; global_colors_info=\u00bb{}\u00bb]<\/p>\n<p><span>Algunos sindicatos ofrecen asistencia legal y financiera a sus miembros en casos de emergencia, como problemas de salud, accidentes laborales o dificultades econ\u00f3micas.<\/span><\/p>\n<p>[\/et_pb_text][\/et_pb_column][et_pb_column type=\u00bb1_3&#8243; _builder_version=\u00bb4.21.0&#8243; _module_preset=\u00bbdefault\u00bb custom_padding=\u00bb|20px|20px|20px|false|true\u00bb border_radii=\u00bbon|30px|30px|30px|30px\u00bb border_width_all=\u00bb1px\u00bb border_color_all=\u00bbrgba(0,0,0,0.12)\u00bb global_colors_info=\u00bb{}\u00bb][et_pb_image src=\u00bbhttps:\/\/www.martiresdecananea.com\/wp-content\/uploads\/2023\/09\/arts.jpg\u00bb title_text=\u00bbarts\u00bb _builder_version=\u00bb4.22.1&#8243; _module_preset=\u00bbdefault\u00bb custom_margin=\u00bb|-20px||-20px|false|true\u00bb global_colors_info=\u00bb{}\u00bb][\/et_pb_image][et_pb_text _builder_version=\u00bb4.21.0&#8243; _module_preset=\u00bbb4e2c478-1a7d-47ba-8f95-d6b9e4a52e47&#8243; custom_margin=\u00bb||0px||false|false\u00bb global_colors_info=\u00bb{}\u00bb]<\/p>\n<h4><span>Programas de bienestar<\/span><\/h4>\n<p>[\/et_pb_text][et_pb_text _builder_version=\u00bb4.21.0&#8243; _module_preset=\u00bbd1073319-8693-4f4a-8d23-cb1c6b0c2500&#8243; global_colors_info=\u00bb{}\u00bb]<\/p>\n<p><span>Pueden proporcionar programas de bienestar, como atenci\u00f3n m\u00e9dica, dental y servicios de salud mental a precios reducidos o gratuitos para los miembros y sus familias.<\/span><\/p>\n<p>[\/et_pb_text][\/et_pb_column][\/et_pb_row][\/et_pb_section][et_pb_section fb_built=\u00bb1&#8243; admin_label=\u00bbCall to Action\u00bb _builder_version=\u00bb4.19.1&#8243; _module_preset=\u00bbdefault\u00bb custom_padding=\u00bb0px||0px||true|false\u00bb collapsed=\u00bbon\u00bb global_colors_info=\u00bb{}\u00bb][et_pb_row column_structure=\u00bb1_2,1_2&#8243; use_custom_gutter=\u00bbon\u00bb gutter_width=\u00bb1&#8243; make_equal=\u00bbon\u00bb _builder_version=\u00bb4.22.1&#8243; _module_preset=\u00bbdefault\u00bb width=\u00bb100%\u00bb max_width=\u00bbnone\u00bb custom_padding=\u00bb0px||0px||true|false\u00bb global_colors_info=\u00bb{}\u00bb][et_pb_column type=\u00bb1_2&#8243; _builder_version=\u00bb4.21.0&#8243; _module_preset=\u00bbdefault\u00bb background_image=\u00bbhttps:\/\/www.martiresdecananea.com\/wp-content\/uploads\/2023\/09\/online-university-6.jpg\u00bb global_colors_info=\u00bb{}\u00bb][et_pb_divider show_divider=\u00bboff\u00bb _builder_version=\u00bb4.19.1&#8243; _module_preset=\u00bbdefault\u00bb height_tablet=\u00bb40vw\u00bb height_phone=\u00bb40vw\u00bb height_last_edited=\u00bbon|tablet\u00bb global_colors_info=\u00bb{}\u00bb][\/et_pb_divider][\/et_pb_column][et_pb_column type=\u00bb1_2&#8243; _builder_version=\u00bb4.19.1&#8243; _module_preset=\u00bbdefault\u00bb background_color=\u00bbgcid-a9d8e14e-2f78-408a-a83c-506939196b52&#8243; custom_padding=\u00bb8%|8%|8%|8%|true|true\u00bb global_colors_info=\u00bb{%22gcid-a9d8e14e-2f78-408a-a83c-506939196b52%22:%91%22background_color%22%93}\u00bb][et_pb_text _builder_version=\u00bb4.19.2&#8243; _module_preset=\u00bbc54b843f-cd41-40c6-9694-b03f8e892d27&#8243; header_2_text_color=\u00bb#FFFFFF\u00bb global_colors_info=\u00bb{}\u00bb]<\/p>\n<h2><span>Actividades culturales y sociales<\/span><\/h2>\n<p>[\/et_pb_text][et_pb_text _builder_version=\u00bb4.19.2&#8243; _module_preset=\u00bb1b023d95-dd0b-4520-87a2-9e756105400c\u00bb text_text_color=\u00bb#FFFFFF\u00bb custom_margin=\u00bb||30px||false|false\u00bb global_colors_info=\u00bb{}\u00bb]<\/p>\n<p><span>Eventos y actividades culturales, deportivas y sociales para fomentar la solidaridad entre los miembros y sus familias.<\/span><\/p>\n<p>[\/et_pb_text][\/et_pb_column][\/et_pb_row][\/et_pb_section][et_pb_section fb_built=\u00bb1&#8243; _builder_version=\u00bb4.22.1&#8243; _module_preset=\u00bbdefault\u00bb hover_enabled=\u00bb0&#8243; global_colors_info=\u00bb{}\u00bb sticky_enabled=\u00bb0&#8243;][et_pb_row _builder_version=\u00bb4.22.1&#8243; _module_preset=\u00bbdefault\u00bb][et_pb_column _builder_version=\u00bb4.22.1&#8243; _module_preset=\u00bbdefault\u00bb type=\u00bb4_4&#8243;][et_pb_text _builder_version=\u00bb4.22.1&#8243; _module_preset=\u00bbdefault\u00bb hover_enabled=\u00bb0&#8243; sticky_enabled=\u00bb0&#8243; text_font_size=\u00bb41px\u00bb]<\/p>\n<p style=\"text-align: center;\"><strong>Cont\u00e1ctanos<\/strong><\/p>\n<p>[\/et_pb_text][\/et_pb_column][\/et_pb_row][et_pb_row _builder_version=\u00bb4.22.1&#8243; _module_preset=\u00bbdefault\u00bb global_colors_info=\u00bb{}\u00bb][et_pb_column type=\u00bb4_4&#8243; _builder_version=\u00bb4.22.1&#8243; _module_preset=\u00bbdefault\u00bb global_colors_info=\u00bb{}\u00bb][et_pb_contact_form _builder_version=\u00bb4.22.1&#8243; _module_preset=\u00bbdefault\u00bb _unique_id=\u00bb553caf0d-ce62-4118-9c50-983b61f465fe\u00bb custom_button=\u00bbon\u00bb button_text_size=\u00bb20px\u00bb button_text_color=\u00bb#E09900&#8243; global_colors_info=\u00bb{}\u00bb][et_pb_contact_field field_id=\u00bbName\u00bb field_title=\u00bbNombre\u00bb _builder_version=\u00bb4.22.1&#8243; global_colors_info=\u00bb{}\u00bb button_text_size__hover_enabled=\u00bboff\u00bb button_one_text_size__hover_enabled=\u00bboff\u00bb button_two_text_size__hover_enabled=\u00bboff\u00bb button_text_color__hover_enabled=\u00bboff\u00bb button_one_text_color__hover_enabled=\u00bboff\u00bb button_two_text_color__hover_enabled=\u00bboff\u00bb button_border_width__hover_enabled=\u00bboff\u00bb button_one_border_width__hover_enabled=\u00bboff\u00bb button_two_border_width__hover_enabled=\u00bboff\u00bb button_border_color__hover_enabled=\u00bboff\u00bb button_one_border_color__hover_enabled=\u00bboff\u00bb button_two_border_color__hover_enabled=\u00bboff\u00bb button_border_radius__hover_enabled=\u00bboff\u00bb button_one_border_radius__hover_enabled=\u00bboff\u00bb button_two_border_radius__hover_enabled=\u00bboff\u00bb button_letter_spacing__hover_enabled=\u00bboff\u00bb button_one_letter_spacing__hover_enabled=\u00bboff\u00bb button_two_letter_spacing__hover_enabled=\u00bboff\u00bb button_bg_color__hover_enabled=\u00bboff\u00bb button_one_bg_color__hover_enabled=\u00bboff\u00bb button_two_bg_color__hover_enabled=\u00bboff\u00bb][\/et_pb_contact_field][et_pb_contact_field field_id=\u00bbEmail\u00bb field_title=\u00bbDirecci\u00f3n de correo electr\u00f3nico\u00bb field_type=\u00bbemail\u00bb _builder_version=\u00bb4.16&#8243; global_colors_info=\u00bb{}\u00bb button_text_size__hover_enabled=\u00bboff\u00bb button_one_text_size__hover_enabled=\u00bboff\u00bb button_two_text_size__hover_enabled=\u00bboff\u00bb button_text_color__hover_enabled=\u00bboff\u00bb button_one_text_color__hover_enabled=\u00bboff\u00bb button_two_text_color__hover_enabled=\u00bboff\u00bb button_border_width__hover_enabled=\u00bboff\u00bb button_one_border_width__hover_enabled=\u00bboff\u00bb button_two_border_width__hover_enabled=\u00bboff\u00bb button_border_color__hover_enabled=\u00bboff\u00bb button_one_border_color__hover_enabled=\u00bboff\u00bb button_two_border_color__hover_enabled=\u00bboff\u00bb button_border_radius__hover_enabled=\u00bboff\u00bb button_one_border_radius__hover_enabled=\u00bboff\u00bb button_two_border_radius__hover_enabled=\u00bboff\u00bb button_letter_spacing__hover_enabled=\u00bboff\u00bb button_one_letter_spacing__hover_enabled=\u00bboff\u00bb button_two_letter_spacing__hover_enabled=\u00bboff\u00bb button_bg_color__hover_enabled=\u00bboff\u00bb button_one_bg_color__hover_enabled=\u00bboff\u00bb button_two_bg_color__hover_enabled=\u00bboff\u00bb][\/et_pb_contact_field][et_pb_contact_field field_id=\u00bbMessage\u00bb field_title=\u00bbMensaje\u00bb field_type=\u00bbtext\u00bb fullwidth_field=\u00bbon\u00bb _builder_version=\u00bb4.16&#8243; global_colors_info=\u00bb{}\u00bb button_text_size__hover_enabled=\u00bboff\u00bb button_one_text_size__hover_enabled=\u00bboff\u00bb button_two_text_size__hover_enabled=\u00bboff\u00bb button_text_color__hover_enabled=\u00bboff\u00bb button_one_text_color__hover_enabled=\u00bboff\u00bb button_two_text_color__hover_enabled=\u00bboff\u00bb button_border_width__hover_enabled=\u00bboff\u00bb button_one_border_width__hover_enabled=\u00bboff\u00bb button_two_border_width__hover_enabled=\u00bboff\u00bb button_border_color__hover_enabled=\u00bboff\u00bb button_one_border_color__hover_enabled=\u00bboff\u00bb button_two_border_color__hover_enabled=\u00bboff\u00bb button_border_radius__hover_enabled=\u00bboff\u00bb button_one_border_radius__hover_enabled=\u00bboff\u00bb button_two_border_radius__hover_enabled=\u00bboff\u00bb button_letter_spacing__hover_enabled=\u00bboff\u00bb button_one_letter_spacing__hover_enabled=\u00bboff\u00bb button_two_letter_spacing__hover_enabled=\u00bboff\u00bb button_bg_color__hover_enabled=\u00bboff\u00bb button_one_bg_color__hover_enabled=\u00bboff\u00bb button_two_bg_color__hover_enabled=\u00bboff\u00bb][\/et_pb_contact_field][\/et_pb_contact_form][\/et_pb_column][\/et_pb_row][\/et_pb_section][et_pb_section fb_built=\u00bb1&#8243; _builder_version=\u00bb4.22.1&#8243; _module_preset=\u00bbdefault\u00bb background_color=\u00bb#E09900&#8243; use_background_color_gradient=\u00bbon\u00bb background_color_gradient_stops=\u00bb#bc6100 1%|#e09900 99%\u00bb width=\u00bb100%\u00bb custom_padding=\u00bb0px||0px|||\u00bb global_colors_info=\u00bb{}\u00bb][et_pb_row column_structure=\u00bb1_2,1_2&#8243; _builder_version=\u00bb4.22.1&#8243; _module_preset=\u00bbdefault\u00bb global_colors_info=\u00bb{}\u00bb][et_pb_column type=\u00bb1_2&#8243; _builder_version=\u00bb4.22.1&#8243; _module_preset=\u00bbdefault\u00bb global_colors_info=\u00bb{}\u00bb][et_pb_text _builder_version=\u00bb4.22.1&#8243; _module_preset=\u00bbdefault\u00bb background_color=\u00bbRGBA(255,255,255,0)\u00bb global_colors_info=\u00bb{}\u00bb]<\/p>\n<p style=\"text-align: center;\"><span style=\"color: #ffffff;\"><strong>Telefono: 81-4168-0100<\/strong><\/span><\/p>\n<p>[\/et_pb_text][\/et_pb_column][et_pb_column type=\u00bb1_2&#8243; _builder_version=\u00bb4.22.1&#8243; _module_preset=\u00bbdefault\u00bb global_colors_info=\u00bb{}\u00bb][et_pb_text _builder_version=\u00bb4.22.1&#8243; _module_preset=\u00bbdefault\u00bb global_colors_info=\u00bb{}\u00bb]<\/p>\n<p style=\"text-align: right;\"><strong><span style=\"color: #ffffff;\">sindicato@martiresdecananea.com<\/span><\/strong><\/p>\n<p>[\/et_pb_text][\/et_pb_column][\/et_pb_row][\/et_pb_section]<\/p>\n","protected":false},"excerpt":{"rendered":"<p>\u00abTrabajadores unidos, derechos protegidos\u00bb\u00bbTrabajadores unidos, derechos protegidos\u00bbMISION &nbsp; Nuestra misi\u00f3n es honrar el legado de los valientes trabajadores que fundaron el sindicato \u00abM\u00e1rtires de Cananea\u00bb hace m\u00e1s de un siglo, defendiendo los derechos laborales y la dignidad de los trabajadores en M\u00e9xico. Nos comprometemos a seguir siendo un s\u00edmbolo de lucha y solidaridad obrera, trabajando [&hellip;]<\/p>\n","protected":false},"author":1,"featured_media":0,"parent":0,"menu_order":0,"comment_status":"closed","ping_status":"closed","template":"","meta":{"_et_pb_use_builder":"on","_et_pb_old_content":"","_et_gb_content_width":"","footnotes":""},"_links":{"self":[{"href":"https:\/\/www.martiresdecananea.com\/index.php\/wp-json\/wp\/v2\/pages\/25518"}],"collection":[{"href":"https:\/\/www.martiresdecananea.com\/index.php\/wp-json\/wp\/v2\/pages"}],"about":[{"href":"https:\/\/www.martiresdecananea.com\/index.php\/wp-json\/wp\/v2\/types\/page"}],"author":[{"embeddable":true,"href":"https:\/\/www.martiresdecananea.com\/index.php\/wp-json\/wp\/v2\/users\/1"}],"replies":[{"embeddable":true,"href":"https:\/\/www.martiresdecananea.com\/index.php\/wp-json\/wp\/v2\/comments?post=25518"}],"version-history":[{"count":19,"href":"https:\/\/www.martiresdecananea.com\/index.php\/wp-json\/wp\/v2\/pages\/25518\/revisions"}],"predecessor-version":[{"id":25611,"href":"https:\/\/www.martiresdecananea.com\/index.php\/wp-json\/wp\/v2\/pages\/25518\/revisions\/25611"}],"wp:attachment":[{"href":"https:\/\/www.martiresdecananea.com\/index.php\/wp-json\/wp\/v2\/media?parent=25518"}],"curies":[{"name":"wp","href":"https:\/\/api.w.org\/{rel}","templated":true}]}}